{"id":661,"date":"2025-05-02T03:40:53","date_gmt":"2025-05-02T03:40:53","guid":{"rendered":"https:\/\/bluemonkeysalou.com\/restaurante\/index.php\/about-us\/"},"modified":"2025-05-13T20:51:15","modified_gmt":"2025-05-13T20:51:15","slug":"about-us","status":"publish","type":"page","link":"https:\/\/bluemonkeysalou.com\/fr\/about-us\/","title":{"rendered":"About Us"},"content":{"rendered":"<div data-elementor-type=\"wp-post\" data-elementor-id=\"661\" class=\"elementor elementor-661\">\n\t\t\t\t<div class=\"elementor-element elementor-element-b10e149 e-flex e-con-boxed e-con e-parent\" data-id=\"b10e149\" data-element_type=\"container\" data-e-type=\"container\" data-settings=\"{&quot;background_background&quot;:&quot;classic&quot;}\">\n\t\t\t\t\t<div class=\"e-con-inner\">\n\t\t<div class=\"elementor-element elementor-element-ba5c591 e-con-full e-flex e-con e-child\" data-id=\"ba5c591\" data-element_type=\"container\" data-e-type=\"container\">\n\t\t\t\t<div class=\"elementor-element elementor-element-4a82248 elementor-widget elementor-widget-heading\" data-id=\"4a82248\" data-element_type=\"widget\" data-e-type=\"widget\" data-widget_type=\"heading.default\">\n\t\t\t\t<div class=\"elementor-widget-container\">\n\t\t\t\t\t<h1 class=\"elementor-heading-title elementor-size-default\">Histoire de Blue Monkey<\/h1>\t\t\t\t<\/div>\n\t\t\t\t<\/div>\n\t\t\t\t<div class=\"elementor-element elementor-element-77716f0 elementor-widget elementor-widget-image\" data-id=\"77716f0\" data-element_type=\"widget\" data-e-type=\"widget\" data-widget_type=\"image.default\">\n\t\t\t\t<div class=\"elementor-widget-container\">\n\t\t\t\t\t\t\t\t\t\t\t\t\t\t\t<img decoding=\"async\" width=\"250\" height=\"27\" src=\"https:\/\/bluemonkeysalou.com\/wp-content\/uploads\/2018\/09\/frill-free-img.png\" class=\"attachment-large size-large wp-image-86\" alt=\"\" \/>\t\t\t\t\t\t\t\t\t\t\t\t\t\t\t<\/div>\n\t\t\t\t<\/div>\n\t\t\t\t<\/div>\n\t\t\t\t\t<\/div>\n\t\t\t\t<\/div>\n\t\t<div class=\"elementor-element elementor-element-3885b17 e-flex e-con-boxed e-con e-parent\" data-id=\"3885b17\" data-element_type=\"container\" data-e-type=\"container\" data-settings=\"{&quot;background_background&quot;:&quot;classic&quot;}\">\n\t\t\t\t\t<div class=\"e-con-inner\">\n\t\t<div class=\"elementor-element elementor-element-213f2d6 e-con-full e-flex e-con e-child\" data-id=\"213f2d6\" data-element_type=\"container\" data-e-type=\"container\">\n\t\t\t\t<div class=\"elementor-element elementor-element-71bea2d elementor-position-top elementor-widget elementor-widget-image-box\" data-id=\"71bea2d\" data-element_type=\"widget\" data-e-type=\"widget\" data-widget_type=\"image-box.default\">\n\t\t\t\t<div class=\"elementor-widget-container\">\n\t\t\t\t\t<div class=\"elementor-image-box-wrapper\"><figure class=\"elementor-image-box-img\"><img decoding=\"async\" src=\"http:\/\/bluemonkeysalou.com\/restaurante\/wp-content\/uploads\/2025\/05\/IMG_0633-3.heic\" title=\"\" alt=\"\" loading=\"lazy\" \/><\/figure><div class=\"elementor-image-box-content\"><h3 class=\"elementor-image-box-title\">Chez Blue Monkey, chaque visite est une exp\u00e9rience.<\/h3><p class=\"elementor-image-box-description\">Nous sommes un lieu con\u00e7u pour ceux qui aiment la bonne cuisine, les saveurs cr\u00e9atives et une ambiance qui donne envie de rester. Notre carte allie plats m\u00e9diterran\u00e9ens et touches internationales, pr\u00e9par\u00e9s avec des ingr\u00e9dients frais et des pr\u00e9sentations qui surprennent.<\/p><\/div><\/div>\t\t\t\t<\/div>\n\t\t\t\t<\/div>\n\t\t\t\t<div class=\"elementor-element elementor-element-72ca124 elementor-drop-cap-yes elementor-drop-cap-view-default elementor-widget elementor-widget-text-editor\" data-id=\"72ca124\" data-element_type=\"widget\" data-e-type=\"widget\" data-settings=\"{&quot;drop_cap&quot;:&quot;yes&quot;}\" data-widget_type=\"text-editor.default\">\n\t\t\t\t<div class=\"elementor-widget-container\">\n\t\t\t\t\t\t\t\t\t<p><span class=\"s1\">Mais Blue Monkey, c\u2019est bien plus que de la cuisine. C\u2019est une terrasse accueillante, un verre bien servi, une soir\u00e9e entre amis ou un repas en couple, le tout dans une atmosph\u00e8re unique.<\/span><\/p>\n<p class=\"p1\"><span class=\"s1\">Nous prenons soin de chaque d\u00e9tail : de l\u2019\u00e9clairage \u00e0 la musique, du service au design. Parce que nous savons que sortir manger, ce n\u2019est pas seulement se nourrir, mais aussi se faire plaisir.<\/span><\/p>\n<p class=\"p1\"><span class=\"s1\">Que vous veniez pour la premi\u00e8re fois ou que vous soyez un habitu\u00e9, nous vous attendons ici avec quelque chose de nouveau \u00e0 go\u00fbter.<\/span><\/p>\t\t\t\t\t\t\t\t<\/div>\n\t\t\t\t<\/div>\n\t\t\t\t<\/div>\n\t\t<div class=\"elementor-element elementor-element-2fc9b85 e-con-full e-flex e-con e-child\" data-id=\"2fc9b85\" data-element_type=\"container\" data-e-type=\"container\">\n\t\t\t\t<div class=\"elementor-element elementor-element-0d542aa elementor-widget elementor-widget-image\" data-id=\"0d542aa\" data-element_type=\"widget\" data-e-type=\"widget\" data-widget_type=\"image.default\">\n\t\t\t\t<div class=\"elementor-widget-container\">\n\t\t\t\t\t\t\t\t\t\t\t\t\t\t\t<img decoding=\"async\" src=\"https:\/\/bluemonkeysalou.com\/wp-content\/uploads\/2025\/05\/IMG_2092-2-1-scaled.jpg\" title=\"IMG_2092 2\" alt=\"IMG_2092 2\" class=\"elementor-animation-sink\" loading=\"lazy\" \/>\t\t\t\t\t\t\t\t\t\t\t\t\t\t\t<\/div>\n\t\t\t\t<\/div>\n\t\t\t\t<\/div>\n\t\t<div class=\"elementor-element elementor-element-74bacca e-con-full e-flex e-con e-child\" data-id=\"74bacca\" data-element_type=\"container\" data-e-type=\"container\">\n\t\t\t\t<div class=\"elementor-element elementor-element-8385dbf elementor-hidden-tablet elementor-hidden-phone elementor-widget elementor-widget-image\" data-id=\"8385dbf\" data-element_type=\"widget\" data-e-type=\"widget\" data-widget_type=\"image.default\">\n\t\t\t\t<div class=\"elementor-widget-container\">\n\t\t\t\t\t\t\t\t\t\t\t\t\t\t\t<img decoding=\"async\" src=\"https:\/\/bluemonkeysalou.com\/wp-content\/uploads\/2025\/05\/EF746C16-D52C-49BD-AB8E-433008081E45_1024x1024.jpeg\" title=\"EF746C16-D52C-49BD-AB8E-433008081E45_1024x1024\" alt=\"EF746C16-D52C-49BD-AB8E-433008081E45_1024x1024\" class=\"elementor-animation-sink\" loading=\"lazy\" \/>\t\t\t\t\t\t\t\t\t\t\t\t\t\t\t<\/div>\n\t\t\t\t<\/div>\n\t\t\t\t<div class=\"elementor-element elementor-element-c75b606 elementor-hidden-tablet elementor-hidden-phone elementor-widget elementor-widget-image\" data-id=\"c75b606\" data-element_type=\"widget\" data-e-type=\"widget\" data-widget_type=\"image.default\">\n\t\t\t\t<div class=\"elementor-widget-container\">\n\t\t\t\t\t\t\t\t\t\t\t\t\t\t\t<img decoding=\"async\" src=\"https:\/\/bluemonkeysalou.com\/wp-content\/uploads\/2020\/02\/chef05-free-img.jpg\" title=\"chef05-free-img\" alt=\"chef05-free-img\" class=\"elementor-animation-sink\" loading=\"lazy\" \/>\t\t\t\t\t\t\t\t\t\t\t\t\t\t\t<\/div>\n\t\t\t\t<\/div>\n\t\t\t\t<\/div>\n\t\t\t\t\t<\/div>\n\t\t\t\t<\/div>\n\t\t<div class=\"elementor-element elementor-element-bf5d348 e-flex e-con-boxed e-con e-parent\" data-id=\"bf5d348\" data-element_type=\"container\" data-e-type=\"container\">\n\t\t\t\t\t<div class=\"e-con-inner\">\n\t\t<div class=\"elementor-element elementor-element-3d4d888 e-con-full e-flex e-con e-child\" data-id=\"3d4d888\" data-element_type=\"container\" data-e-type=\"container\">\n\t\t\t\t<div class=\"elementor-element elementor-element-c924189 elementor-widget elementor-widget-heading\" data-id=\"c924189\" data-element_type=\"widget\" data-e-type=\"widget\" data-widget_type=\"heading.default\">\n\t\t\t\t<div class=\"elementor-widget-container\">\n\t\t\t\t\t<h4 class=\"elementor-heading-title elementor-size-default\">Recommended By<\/h4>\t\t\t\t<\/div>\n\t\t\t\t<\/div>\n\t\t<div class=\"elementor-element elementor-element-0c31b9f e-flex e-con-boxed e-con e-child\" data-id=\"0c31b9f\" data-element_type=\"container\" data-e-type=\"container\">\n\t\t\t\t\t<div class=\"e-con-inner\">\n\t\t<div class=\"elementor-element elementor-element-73e5796 e-con-full e-flex e-con e-child\" data-id=\"73e5796\" data-element_type=\"container\" data-e-type=\"container\">\n\t\t\t\t<div class=\"elementor-element elementor-element-96ce23d elementor-widget elementor-widget-image\" data-id=\"96ce23d\" data-element_type=\"widget\" data-e-type=\"widget\" data-widget_type=\"image.default\">\n\t\t\t\t<div class=\"elementor-widget-container\">\n\t\t\t\t\t\t\t\t\t\t\t\t\t\t\t<img decoding=\"async\" width=\"140\" height=\"57\" src=\"https:\/\/bluemonkeysalou.com\/wp-content\/uploads\/2018\/10\/tripadvisorlogo1-free-img.png\" class=\"attachment-full size-full wp-image-246\" alt=\"\" \/>\t\t\t\t\t\t\t\t\t\t\t\t\t\t\t<\/div>\n\t\t\t\t<\/div>\n\t\t\t\t<\/div>\n\t\t<div class=\"elementor-element elementor-element-39f0963 e-con-full e-flex e-con e-child\" data-id=\"39f0963\" data-element_type=\"container\" data-e-type=\"container\">\n\t\t\t\t<div class=\"elementor-element elementor-element-69ff429 elementor-widget elementor-widget-image\" data-id=\"69ff429\" data-element_type=\"widget\" data-e-type=\"widget\" data-widget_type=\"image.default\">\n\t\t\t\t<div class=\"elementor-widget-container\">\n\t\t\t\t\t\t\t\t\t\t\t\t\t\t\t\t<a href=\"https:\/\/maps.app.goo.gl\/TieH7ys1ZkRBxSBh9?g_st=com.google.maps.preview.copy\">\n\t\t\t\t\t\t\t<img decoding=\"async\" width=\"140\" height=\"57\" src=\"https:\/\/bluemonkeysalou.com\/wp-content\/uploads\/2018\/10\/google-reviews-free-img.png\" class=\"attachment-full size-full wp-image-248\" alt=\"\" \/>\t\t\t\t\t\t\t\t<\/a>\n\t\t\t\t\t\t\t\t\t\t\t\t\t\t\t<\/div>\n\t\t\t\t<\/div>\n\t\t\t\t<\/div>\n\t\t<div class=\"elementor-element elementor-element-009470a e-con-full e-flex e-con e-child\" data-id=\"009470a\" data-element_type=\"container\" data-e-type=\"container\">\n\t\t\t\t<div class=\"elementor-element elementor-element-276ee09 elementor-widget elementor-widget-image\" data-id=\"276ee09\" data-element_type=\"widget\" data-e-type=\"widget\" data-widget_type=\"image.default\">\n\t\t\t\t<div class=\"elementor-widget-container\">\n\t\t\t\t\t\t\t\t\t\t\t\t\t\t\t\t<a href=\"https:\/\/www.facebook.com\/bluemonkeysalou\/reviews\">\n\t\t\t\t\t\t\t<img loading=\"lazy\" decoding=\"async\" width=\"140\" height=\"57\" src=\"https:\/\/bluemonkeysalou.com\/wp-content\/uploads\/2018\/10\/fb-free-imng.png\" class=\"attachment-full size-full wp-image-250\" alt=\"\" \/>\t\t\t\t\t\t\t\t<\/a>\n\t\t\t\t\t\t\t\t\t\t\t\t\t\t\t<\/div>\n\t\t\t\t<\/div>\n\t\t\t\t<\/div>\n\t\t\t\t\t<\/div>\n\t\t\t\t<\/div>\n\t\t\t\t<\/div>\n\t\t\t\t\t<\/div>\n\t\t\t\t<\/div>\n\t\t\t\t<\/div>","protected":false},"excerpt":{"rendered":"<p>Storie of Blue Monkey En Blue Monkey, cada visita es una experiencia. Somos un lugar pensado para quienes disfrutan de la buena comida, los sabores creativos y un ambiente que invita a quedarse. Nuestra carta combina platos mediterr\u00e1neos con toques internacionales, elaborados con ingredientes frescos y presentaciones que sorprenden. Pero Blue Monkey es m\u00e1s que [&hellip;]<\/p>\n","protected":false},"author":1,"featured_media":0,"parent":0,"menu_order":0,"comment_status":"closed","ping_status":"closed","template":"","meta":{"site-sidebar-layout":"no-sidebar","site-content-layout":"page-builder","ast-site-content-layout":"default","site-content-style":"default","site-sidebar-style":"default","ast-global-header-display":"","ast-banner-title-visibility":"","ast-main-header-display":"","ast-hfb-above-header-display":"","ast-hfb-below-header-display":"","ast-hfb-mobile-header-display":"","site-post-title":"disabled","ast-breadcrumbs-content":"","ast-featured-img":"disabled","footer-sml-layout":"","theme-transparent-header-meta":"","adv-header-id-meta":"","stick-header-meta":"","header-above-stick-meta":"","header-main-stick-meta":"","header-below-stick-meta":"","astra-migrate-meta-layouts":"default","ast-page-background-enabled":"default","ast-page-background-meta":{"desktop":{"background-color":"","background-image":"","background-repeat":"repeat","background-position":"center center","background-size":"auto","background-attachment":"scroll","background-type":"","background-media":"","overlay-type":"","overlay-color":"","overlay-opacity":"","overlay-gradient":""},"tablet":{"background-color":"","background-image":"","background-repeat":"repeat","background-position":"center center","background-size":"auto","background-attachment":"scroll","background-type":"","background-media":"","overlay-type":"","overlay-color":"","overlay-opacity":"","overlay-gradient":""},"mobile":{"background-color":"","background-image":"","background-repeat":"repeat","background-position":"center center","background-size":"auto","background-attachment":"scroll","background-type":"","background-media":"","overlay-type":"","overlay-color":"","overlay-opacity":"","overlay-gradient":""}},"ast-content-background-meta":{"desktop":{"background-color":"var(--ast-global-color-5)","background-image":"","background-repeat":"repeat","background-position":"center center","background-size":"auto","background-attachment":"scroll","background-type":"","background-media":"","overlay-type":"","overlay-color":"","overlay-opacity":"","overlay-gradient":""},"tablet":{"background-color":"var(--ast-global-color-5)","background-image":"","background-repeat":"repeat","background-position":"center center","background-size":"auto","background-attachment":"scroll","background-type":"","background-media":"","overlay-type":"","overlay-color":"","overlay-opacity":"","overlay-gradient":""},"mobile":{"background-color":"var(--ast-global-color-5)","background-image":"","background-repeat":"repeat","background-position":"center center","background-size":"auto","background-attachment":"scroll","background-type":"","background-media":"","overlay-type":"","overlay-color":"","overlay-opacity":"","overlay-gradient":""}},"footnotes":""},"class_list":["post-661","page","type-page","status-publish","hentry"],"_links":{"self":[{"href":"https:\/\/bluemonkeysalou.com\/fr\/wp-json\/wp\/v2\/pages\/661","targetHints":{"allow":["GET"]}}],"collection":[{"href":"https:\/\/bluemonkeysalou.com\/fr\/wp-json\/wp\/v2\/pages"}],"about":[{"href":"https:\/\/bluemonkeysalou.com\/fr\/wp-json\/wp\/v2\/types\/page"}],"author":[{"embeddable":true,"href":"https:\/\/bluemonkeysalou.com\/fr\/wp-json\/wp\/v2\/users\/1"}],"replies":[{"embeddable":true,"href":"https:\/\/bluemonkeysalou.com\/fr\/wp-json\/wp\/v2\/comments?post=661"}],"version-history":[{"count":15,"href":"https:\/\/bluemonkeysalou.com\/fr\/wp-json\/wp\/v2\/pages\/661\/revisions"}],"predecessor-version":[{"id":1452,"href":"https:\/\/bluemonkeysalou.com\/fr\/wp-json\/wp\/v2\/pages\/661\/revisions\/1452"}],"wp:attachment":[{"href":"https:\/\/bluemonkeysalou.com\/fr\/wp-json\/wp\/v2\/media?parent=661"}],"curies":[{"name":"wp","href":"https:\/\/api.w.org\/{rel}","templated":true}]}}